{"id":411,"date":"2018-11-13T06:37:59","date_gmt":"2018-11-13T06:37:59","guid":{"rendered":"http:\/\/asm1.smyrnateknoloji.com\/?page_id=411"},"modified":"2019-02-28T08:45:03","modified_gmt":"2019-02-28T08:45:03","slug":"call-to-action","status":"publish","type":"page","link":"https:\/\/dunyaayaksagligi.com\/tr\/call-to-action\/","title":{"rendered":"Call to Action"},"content":{"rendered":"\t\t<div data-elementor-type=\"wp-post\" data-elementor-id=\"411\" class=\"elementor elementor-411 elementor-bc-flex-widget\" data-elementor-settings=\"[]\">\n\t\t\t\t\t\t<div class=\"elementor-inner\">\n\t\t\t\t\t\t\t<div class=\"elementor-section-wrap\">\n\t\t\t\t\t\t\t<section class=\"elementor-section elementor-top-section elementor-element elementor-element-6976c0fe elementor-section-stretched overlay-primary90 elementor-section-boxed elementor-section-height-default elementor-section-height-default\" data-id=\"6976c0fe\" data-element_type=\"section\" data-settings=\"{&quot;stretch_section&quot;:&quot;section-stretched&quot;,&quot;background_background&quot;:&quot;classic&quot;}\">\n\t\t\t\t\t\t<div class=\"elementor-container elementor-column-gap-default\">\n\t\t\t\t\t\t\t<div class=\"elementor-row\">\n\t\t\t\t\t<div class=\"elementor-column elementor-col-100 elementor-top-column elementor-element elementor-element-174a67b1\" data-id=\"174a67b1\" data-element_type=\"column\">\n\t\t\t<div class=\"elementor-column-wrap elementor-element-populated\">\n\t\t\t\t\t\t\t<div class=\"elementor-widget-wrap\">\n\t\t\t\t\t\t<div class=\"elementor-element elementor-element-30b4d6c4 elementor-widget elementor-widget-rt-cta\" data-id=\"30b4d6c4\" data-element_type=\"widget\" data-widget_type=\"rt-cta.default\">\n\t\t\t\t<div class=\"elementor-widget-container\">\n\t\t\t<div class=\"call-to-action-box-layout6\">\n            <p class=\"item-sub-title\">Need a Doctor for Check-up?<\/p>\n       \n          <h2 class=\"item-title\">JUST MAKE AN APPOINTMENT &amp; YOU'RE DONE!<\/h2>\n          \n        <div class=\"call-to-action-btn\">\n        <a class=\"item-btn\" href=\"#\">Make an Appointment<\/a>                                  \n    <\/div>      \n       \n<\/div>\n\t\t<\/div>\n\t\t\t\t<\/div>\n\t\t\t\t\t\t<\/div>\n\t\t\t\t\t<\/div>\n\t\t<\/div>\n\t\t\t\t\t\t\t\t<\/div>\n\t\t\t\t\t<\/div>\n\t\t<\/section>\n\t\t\t\t<section class=\"elementor-section elementor-top-section elementor-element elementor-element-ed1a8e0 elementor-section-stretched elementor-section-full_width elementor-section-height-default elementor-section-height-default\" data-id=\"ed1a8e0\" data-element_type=\"section\" data-settings=\"{&quot;stretch_section&quot;:&quot;section-stretched&quot;}\">\n\t\t\t\t\t\t<div class=\"elementor-container elementor-column-gap-default\">\n\t\t\t\t\t\t\t<div class=\"elementor-row\">\n\t\t\t\t\t<div class=\"elementor-column elementor-col-100 elementor-top-column elementor-element elementor-element-a57d1fc\" data-id=\"a57d1fc\" data-element_type=\"column\" data-settings=\"{&quot;background_background&quot;:&quot;classic&quot;}\">\n\t\t\t<div class=\"elementor-column-wrap elementor-element-populated\">\n\t\t\t\t\t\t\t<div class=\"elementor-widget-wrap\">\n\t\t\t\t\t\t<div class=\"elementor-element elementor-element-989d8a8 elementor-widget elementor-widget-rt-cta\" data-id=\"989d8a8\" data-element_type=\"widget\" data-widget_type=\"rt-cta.default\">\n\t\t\t\t<div class=\"elementor-widget-container\">\n\t\t\t<div class=\"rt-el-cta-1 rt-primary rt-color-dark\">\n\t<div class=\"container\">\n\t\t<div class=\"row\">\n\t\t\t<div class=\"col-md-8 col-sm-12 col-xs-12\">\n\t\t\t\t<h3 class=\"rtin-title\">We Provide the highest level of satisfaction care &amp; services to our patients.<\/h3>\n\t\t\t<\/div>\n\t\t\t<div class=\"col-md-4 col-sm-12 col-xs-12 v-center-item\">\n\t\t\t\t\t\t\t\t\t<div class=\"rtin-button-mid\"><a class=\"item-btn\">Make an Appointment<\/a><\/div>\t\t\n\t\t\t\t\t\t\t<\/div>\n\t\t<\/div>\t\t\n\t<\/div>\n<\/div>\t\t<\/div>\n\t\t\t\t<\/div>\n\t\t\t\t\t\t<\/div>\n\t\t\t\t\t<\/div>\n\t\t<\/div>\n\t\t\t\t\t\t\t\t<\/div>\n\t\t\t\t\t<\/div>\n\t\t<\/section>\n\t\t\t\t<section class=\"elementor-section elementor-top-section elementor-element elementor-element-294caab elementor-section-stretched elementor-section-full_width elementor-section-height-default elementor-section-height-default\" data-id=\"294caab\" data-element_type=\"section\" data-settings=\"{&quot;stretch_section&quot;:&quot;section-stretched&quot;}\">\n\t\t\t\t\t\t<div class=\"elementor-container elementor-column-gap-default\">\n\t\t\t\t\t\t\t<div class=\"elementor-row\">\n\t\t\t\t\t<div class=\"elementor-column elementor-col-100 elementor-top-column elementor-element elementor-element-469684d\" data-id=\"469684d\" data-element_type=\"column\" data-settings=\"{&quot;background_background&quot;:&quot;classic&quot;}\">\n\t\t\t<div class=\"elementor-column-wrap elementor-element-populated\">\n\t\t\t\t\t\t\t<div class=\"elementor-widget-wrap\">\n\t\t\t\t\t\t<div class=\"elementor-element elementor-element-361587f elementor-widget elementor-widget-rt-cta\" data-id=\"361587f\" data-element_type=\"widget\" data-widget_type=\"rt-cta.default\">\n\t\t\t\t<div class=\"elementor-widget-container\">\n\t\t\t<div class=\"rt-el-cta-1 rt-grey rt-color-dark\">\n\t<div class=\"container\">\n\t\t<div class=\"row\">\n\t\t\t<div class=\"col-md-8 col-sm-12 col-xs-12\">\n\t\t\t\t<h3 class=\"rtin-title\">We Provide the highest level of satisfaction care &amp; services to our patients.<\/h3>\n\t\t\t<\/div>\n\t\t\t<div class=\"col-md-4 col-sm-12 col-xs-12 v-center-item\">\n\t\t\t\t\t\t\t\t\t<div class=\"rtin-button-mid\"><a class=\"item-btn\">Make an Appointment<\/a><\/div>\t\t\n\t\t\t\t\t\t\t<\/div>\n\t\t<\/div>\t\t\n\t<\/div>\n<\/div>\t\t<\/div>\n\t\t\t\t<\/div>\n\t\t\t\t\t\t<\/div>\n\t\t\t\t\t<\/div>\n\t\t<\/div>\n\t\t\t\t\t\t\t\t<\/div>\n\t\t\t\t\t<\/div>\n\t\t<\/section>\n\t\t\t\t<section class=\"elementor-section elementor-top-section elementor-element elementor-element-8403eea elementor-section-stretched elementor-section-full_width elementor-section-height-default elementor-section-height-default\" data-id=\"8403eea\" data-element_type=\"section\" data-settings=\"{&quot;stretch_section&quot;:&quot;section-stretched&quot;}\">\n\t\t\t\t\t\t<div class=\"elementor-container elementor-column-gap-default\">\n\t\t\t\t\t\t\t<div class=\"elementor-row\">\n\t\t\t\t\t<div class=\"elementor-column elementor-col-100 elementor-top-column elementor-element elementor-element-c32eca7\" data-id=\"c32eca7\" data-element_type=\"column\" data-settings=\"{&quot;background_background&quot;:&quot;classic&quot;}\">\n\t\t\t<div class=\"elementor-column-wrap elementor-element-populated\">\n\t\t\t\t\t\t\t<div class=\"elementor-widget-wrap\">\n\t\t\t\t\t\t<div class=\"elementor-element elementor-element-ef379e3 elementor-widget elementor-widget-rt-cta\" data-id=\"ef379e3\" data-element_type=\"widget\" data-widget_type=\"rt-cta.default\">\n\t\t\t\t<div class=\"elementor-widget-container\">\n\t\t\t<div class=\"rt-el-cta-1 rt-dark rt-color-dark\">\n\t<div class=\"container\">\n\t\t<div class=\"row\">\n\t\t\t<div class=\"col-md-8 col-sm-12 col-xs-12\">\n\t\t\t\t<h3 class=\"rtin-title\">We Provide the highest level of satisfaction care &amp; services to our patients.<\/h3>\n\t\t\t<\/div>\n\t\t\t<div class=\"col-md-4 col-sm-12 col-xs-12 v-center-item\">\n\t\t\t\t\t\t\t\t\t<div class=\"rtin-button-mid\"><a class=\"item-btn\">Make an Appointment<\/a><\/div>\t\t\n\t\t\t\t\t\t\t<\/div>\n\t\t<\/div>\t\t\n\t<\/div>\n<\/div>\t\t<\/div>\n\t\t\t\t<\/div>\n\t\t\t\t\t\t<\/div>\n\t\t\t\t\t<\/div>\n\t\t<\/div>\n\t\t\t\t\t\t\t\t<\/div>\n\t\t\t\t\t<\/div>\n\t\t<\/section>\n\t\t\t\t<section class=\"elementor-section elementor-top-section elementor-element elementor-element-25ed9f9 elementor-section-stretched elementor-section-full_width elementor-section-height-default elementor-section-height-default\" data-id=\"25ed9f9\" data-element_type=\"section\" data-settings=\"{&quot;stretch_section&quot;:&quot;section-stretched&quot;}\">\n\t\t\t\t\t\t<div class=\"elementor-container elementor-column-gap-default\">\n\t\t\t\t\t\t\t<div class=\"elementor-row\">\n\t\t\t\t\t<div class=\"elementor-column elementor-col-100 elementor-top-column elementor-element elementor-element-44b34a4\" data-id=\"44b34a4\" data-element_type=\"column\" data-settings=\"{&quot;background_background&quot;:&quot;classic&quot;}\">\n\t\t\t<div class=\"elementor-column-wrap elementor-element-populated\">\n\t\t\t\t\t\t\t<div class=\"elementor-widget-wrap\">\n\t\t\t\t\t\t<div class=\"elementor-element elementor-element-cb5b677 elementor-widget elementor-widget-rt-cta\" data-id=\"cb5b677\" data-element_type=\"widget\" data-widget_type=\"rt-cta.default\">\n\t\t\t\t<div class=\"elementor-widget-container\">\n\t\t\t<div class=\"rt-el-cta-1 rt-light rt-color-primary\">\n\t<div class=\"container\">\n\t\t<div class=\"row\">\n\t\t\t<div class=\"col-md-8 col-sm-12 col-xs-12\">\n\t\t\t\t<h3 class=\"rtin-title\">We Provide the highest level of satisfaction care &amp; services to our patients.<\/h3>\n\t\t\t<\/div>\n\t\t\t<div class=\"col-md-4 col-sm-12 col-xs-12 v-center-item\">\n\t\t\t\t\t\t\t\t\t<div class=\"rtin-button-mid\"><a class=\"item-btn\">Make an Appointment<\/a><\/div>\t\t\n\t\t\t\t\t\t\t<\/div>\n\t\t<\/div>\t\t\n\t<\/div>\n<\/div>\t\t<\/div>\n\t\t\t\t<\/div>\n\t\t\t\t\t\t<\/div>\n\t\t\t\t\t<\/div>\n\t\t<\/div>\n\t\t\t\t\t\t\t\t<\/div>\n\t\t\t\t\t<\/div>\n\t\t<\/section>\n\t\t\t\t<section class=\"elementor-section elementor-top-section elementor-element elementor-element-55fcd6d elementor-section-stretched elementor-section-full_width elementor-section-height-default elementor-section-height-default\" data-id=\"55fcd6d\" data-element_type=\"section\" data-settings=\"{&quot;stretch_section&quot;:&quot;section-stretched&quot;,&quot;background_background&quot;:&quot;classic&quot;}\">\n\t\t\t\t\t\t\t<div class=\"elementor-background-overlay\"><\/div>\n\t\t\t\t\t\t\t<div class=\"elementor-container elementor-column-gap-default\">\n\t\t\t\t\t\t\t<div class=\"elementor-row\">\n\t\t\t\t\t<div class=\"elementor-column elementor-col-100 elementor-top-column elementor-element elementor-element-586572b\" data-id=\"586572b\" data-element_type=\"column\" data-settings=\"{&quot;background_background&quot;:&quot;classic&quot;}\">\n\t\t\t<div class=\"elementor-column-wrap elementor-element-populated\">\n\t\t\t\t\t\t\t<div class=\"elementor-widget-wrap\">\n\t\t\t\t\t\t<div class=\"elementor-element elementor-element-666ae98 elementor-widget elementor-widget-rt-cta\" data-id=\"666ae98\" data-element_type=\"widget\" data-widget_type=\"rt-cta.default\">\n\t\t\t\t<div class=\"elementor-widget-container\">\n\t\t\t<div class=\"rt-el-cta-1 rt-transparent rt-color-primary\">\n\t<div class=\"container\">\n\t\t<div class=\"row\">\n\t\t\t<div class=\"col-md-8 col-sm-12 col-xs-12\">\n\t\t\t\t<h3 class=\"rtin-title\">We Provide the highest level of satisfaction care &amp; services to our patients.<\/h3>\n\t\t\t<\/div>\n\t\t\t<div class=\"col-md-4 col-sm-12 col-xs-12 v-center-item\">\n\t\t\t\t\t\t\t\t\t<div class=\"rtin-button-mid\"><a class=\"item-btn\">Make an Appointment<\/a><\/div>\t\t\n\t\t\t\t\t\t\t<\/div>\n\t\t<\/div>\t\t\n\t<\/div>\n<\/div>\t\t<\/div>\n\t\t\t\t<\/div>\n\t\t\t\t\t\t<\/div>\n\t\t\t\t\t<\/div>\n\t\t<\/div>\n\t\t\t\t\t\t\t\t<\/div>\n\t\t\t\t\t<\/div>\n\t\t<\/section>\n\t\t\t\t<section class=\"elementor-section elementor-top-section elementor-element elementor-element-b6d35be elementor-section-stretched elementor-section-full_width elementor-section-content-middle elementor-section-height-default elementor-section-height-default\" data-id=\"b6d35be\" data-element_type=\"section\" data-settings=\"{&quot;stretch_section&quot;:&quot;section-stretched&quot;,&quot;background_background&quot;:&quot;classic&quot;}\">\n\t\t\t\t\t\t\t<div class=\"elementor-background-overlay\"><\/div>\n\t\t\t\t\t\t\t<div class=\"elementor-container elementor-column-gap-no\">\n\t\t\t\t\t\t\t<div class=\"elementor-row\">\n\t\t\t\t\t<div class=\"elementor-column elementor-col-100 elementor-top-column elementor-element elementor-element-c4854ce\" data-id=\"c4854ce\" data-element_type=\"column\" data-settings=\"{&quot;background_background&quot;:&quot;classic&quot;}\">\n\t\t\t<div class=\"elementor-column-wrap elementor-element-populated\">\n\t\t\t\t\t\t\t<div class=\"elementor-widget-wrap\">\n\t\t\t\t\t\t<div class=\"elementor-element elementor-element-1149104 elementor-widget elementor-widget-rt-cta\" data-id=\"1149104\" data-element_type=\"widget\" data-widget_type=\"rt-cta.default\">\n\t\t\t\t<div class=\"elementor-widget-container\">\n\t\t\t<div class=\"call-to-action-wrap-layout4\">\n    <div class=\"item-img\">\n           <\/div>\n    <div class=\"container\">\n        <div class=\"row\">\n            <div class=\"col-xl-12 col-lg-8 col-md-8 col-12\">\n                <div class=\"call-to-action-box-layout4\">\n                    <h2 class=\"item-title\">We Provide the highest level of satisfaction care &amp; services to our patients.<\/h2>\n                    <div class=\"call-to-action-phone\">\n                        <a href=\"tel:+12344092888\"><i class=\"fas fa-phone\"><\/i>+123 44092 888<\/a>\n                    <\/div>\n\t\t\t\t\t\t\t\t\t\t\t<div class=\"call-to-action-btn\">\n\t\t\t\t\t\t\t\t<a class=\"item-btn\" href=\"#\">Make an Appointment<\/a>\t\t\t\t\t\t\t\t\t\n\t\t\t\t\t\t\t<\/div>\t\t\n\t\t\t\t\t\t                 \n                <\/div>\n            <\/div>\n        <\/div>\n    <\/div>\n<\/div>\t\t<\/div>\n\t\t\t\t<\/div>\n\t\t\t\t\t\t<\/div>\n\t\t\t\t\t<\/div>\n\t\t<\/div>\n\t\t\t\t\t\t\t\t<\/div>\n\t\t\t\t\t<\/div>\n\t\t<\/section>\n\t\t\t\t\t\t<\/div>\n\t\t\t\t\t\t<\/div>\n\t\t\t\t\t<\/div>\n\t\t","protected":false},"excerpt":{"rendered":"<p>Need a Doctor for Check-up? JUST MAKE AN APPOINTMENT &amp; YOU&#8217;RE DONE! Make an Appointment We Provide the highest level of satisfaction care &amp; services to our patients. Make an Appointment We Provide the highest level of satisfaction care &amp; services to our patients. Make an Appointment We Provide the highest level of satisfaction care&#8230;<\/p>\n","protected":false},"author":1,"featured_media":0,"parent":0,"menu_order":0,"comment_status":"closed","ping_status":"closed","template":"","meta":[],"yoast_head":"<!-- This site is optimized with the Yoast SEO plugin v19.3 - https:\/\/yoast.com\/wordpress\/plugins\/seo\/ -->\n<title>Call to Action - D\u00fcnya Ayak Sa\u011fl\u0131\u011f\u0131 Merkezi<\/title>\n<meta name=\"robots\" content=\"index, follow, max-snippet:-1, max-image-preview:large, max-video-preview:-1\" \/>\n<link rel=\"canonical\" href=\"https:\/\/dunyaayaksagligi.com\/tr\/call-to-action\/\" \/>\n<meta property=\"og:locale\" content=\"tr_TR\" \/>\n<meta property=\"og:type\" content=\"article\" \/>\n<meta property=\"og:title\" content=\"Call to Action - D\u00fcnya Ayak Sa\u011fl\u0131\u011f\u0131 Merkezi\" \/>\n<meta property=\"og:description\" content=\"Need a Doctor for Check-up? JUST MAKE AN APPOINTMENT &amp; YOU&#8217;RE DONE! Make an Appointment We Provide the highest level of satisfaction care &amp; services to our patients. Make an Appointment We Provide the highest level of satisfaction care &amp; services to our patients. Make an Appointment We Provide the highest level of satisfaction care...\" \/>\n<meta property=\"og:url\" content=\"https:\/\/dunyaayaksagligi.com\/tr\/call-to-action\/\" \/>\n<meta property=\"og:site_name\" content=\"D\u00fcnya Ayak Sa\u011fl\u0131\u011f\u0131 Merkezi\" \/>\n<meta property=\"article:publisher\" content=\"https:\/\/www.facebook.com\/dunyaayaksagligi\" \/>\n<meta property=\"article:modified_time\" content=\"2019-02-28T08:45:03+00:00\" \/>\n<meta property=\"og:image\" content=\"http:\/\/asm1.smyrnateknoloji.com\/wp-content\/uploads\/2018\/11\/figure7.png\" \/>\n<meta name=\"twitter:card\" content=\"summary_large_image\" \/>\n<meta name=\"twitter:site\" content=\"@AyakSagligim\" \/>\n<meta name=\"twitter:label1\" content=\"Tahmini okuma s\u00fcresi\" \/>\n\t<meta name=\"twitter:data1\" content=\"1 dakika\" \/>\n<script type=\"application\/ld+json\" class=\"yoast-schema-graph\">{\"@context\":\"https:\/\/schema.org\",\"@graph\":[{\"@type\":\"Organization\",\"@id\":\"https:\/\/dunyaayaksagligi.com\/tr\/#organization\",\"name\":\"D\u00fcnya Ayak Sa\u011fl\u0131\u011f\u0131 Merkezi\",\"url\":\"https:\/\/dunyaayaksagligi.com\/tr\/\",\"sameAs\":[\"https:\/\/www.instagram.com\/dunyaayaksagligi\/\",\"https:\/\/www.youtube.com\/channel\/UCMystCymH-yGpWUAOOo6sJg\",\"https:\/\/www.facebook.com\/dunyaayaksagligi\",\"https:\/\/twitter.com\/AyakSagligim\"],\"logo\":{\"@type\":\"ImageObject\",\"inLanguage\":\"tr\",\"@id\":\"https:\/\/dunyaayaksagligi.com\/tr\/#\/schema\/logo\/image\/\",\"url\":\"https:\/\/dunyaayaksagligi.com\/wp-content\/uploads\/2021\/11\/logo_ft_1.png\",\"contentUrl\":\"https:\/\/dunyaayaksagligi.com\/wp-content\/uploads\/2021\/11\/logo_ft_1.png\",\"width\":326,\"height\":106,\"caption\":\"D\u00fcnya Ayak Sa\u011fl\u0131\u011f\u0131 Merkezi\"},\"image\":{\"@id\":\"https:\/\/dunyaayaksagligi.com\/tr\/#\/schema\/logo\/image\/\"}},{\"@type\":\"WebSite\",\"@id\":\"https:\/\/dunyaayaksagligi.com\/tr\/#website\",\"url\":\"https:\/\/dunyaayaksagligi.com\/tr\/\",\"name\":\"D\u00fcnya Ayak Sa\u011fl\u0131\u011f\u0131 Merkezi\",\"description\":\"D\u00fcnya Ayak Sa\u011fl\u0131\u011f\u0131 Merkezi - Ata\u015fehir\",\"publisher\":{\"@id\":\"https:\/\/dunyaayaksagligi.com\/tr\/#organization\"},\"potentialAction\":[{\"@type\":\"SearchAction\",\"target\":{\"@type\":\"EntryPoint\",\"urlTemplate\":\"https:\/\/dunyaayaksagligi.com\/tr\/?s={search_term_string}\"},\"query-input\":\"required name=search_term_string\"}],\"inLanguage\":\"tr\"},{\"@type\":\"ImageObject\",\"inLanguage\":\"tr\",\"@id\":\"https:\/\/dunyaayaksagligi.com\/call-to-action\/#primaryimage\",\"url\":\"http:\/\/asm1.smyrnateknoloji.com\/wp-content\/uploads\/2018\/11\/figure7.png\",\"contentUrl\":\"http:\/\/asm1.smyrnateknoloji.com\/wp-content\/uploads\/2018\/11\/figure7.png\"},{\"@type\":\"WebPage\",\"@id\":\"https:\/\/dunyaayaksagligi.com\/call-to-action\/\",\"url\":\"https:\/\/dunyaayaksagligi.com\/call-to-action\/\",\"name\":\"Call to Action - D\u00fcnya Ayak Sa\u011fl\u0131\u011f\u0131 Merkezi\",\"isPartOf\":{\"@id\":\"https:\/\/dunyaayaksagligi.com\/tr\/#website\"},\"primaryImageOfPage\":{\"@id\":\"https:\/\/dunyaayaksagligi.com\/call-to-action\/#primaryimage\"},\"datePublished\":\"2018-11-13T06:37:59+00:00\",\"dateModified\":\"2019-02-28T08:45:03+00:00\",\"breadcrumb\":{\"@id\":\"https:\/\/dunyaayaksagligi.com\/call-to-action\/#breadcrumb\"},\"inLanguage\":\"tr\",\"potentialAction\":[{\"@type\":\"ReadAction\",\"target\":[\"https:\/\/dunyaayaksagligi.com\/call-to-action\/\"]}]},{\"@type\":\"BreadcrumbList\",\"@id\":\"https:\/\/dunyaayaksagligi.com\/call-to-action\/#breadcrumb\",\"itemListElement\":[{\"@type\":\"ListItem\",\"position\":1,\"name\":\"Anasayfa\",\"item\":\"https:\/\/dunyaayaksagligi.com\/\"},{\"@type\":\"ListItem\",\"position\":2,\"name\":\"Call to Action\"}]}]}<\/script>\n<!-- \/ Yoast SEO plugin. -->","yoast_head_json":{"title":"Call to Action - D\u00fcnya Ayak Sa\u011fl\u0131\u011f\u0131 Merkezi","robots":{"index":"index","follow":"follow","max-snippet":"max-snippet:-1","max-image-preview":"max-image-preview:large","max-video-preview":"max-video-preview:-1"},"canonical":"https:\/\/dunyaayaksagligi.com\/tr\/call-to-action\/","og_locale":"tr_TR","og_type":"article","og_title":"Call to Action - D\u00fcnya Ayak Sa\u011fl\u0131\u011f\u0131 Merkezi","og_description":"Need a Doctor for Check-up? JUST MAKE AN APPOINTMENT &amp; YOU&#8217;RE DONE! Make an Appointment We Provide the highest level of satisfaction care &amp; services to our patients. Make an Appointment We Provide the highest level of satisfaction care &amp; services to our patients. Make an Appointment We Provide the highest level of satisfaction care...","og_url":"https:\/\/dunyaayaksagligi.com\/tr\/call-to-action\/","og_site_name":"D\u00fcnya Ayak Sa\u011fl\u0131\u011f\u0131 Merkezi","article_publisher":"https:\/\/www.facebook.com\/dunyaayaksagligi","article_modified_time":"2019-02-28T08:45:03+00:00","og_image":[{"url":"http:\/\/asm1.smyrnateknoloji.com\/wp-content\/uploads\/2018\/11\/figure7.png"}],"twitter_card":"summary_large_image","twitter_site":"@AyakSagligim","twitter_misc":{"Tahmini okuma s\u00fcresi":"1 dakika"},"schema":{"@context":"https:\/\/schema.org","@graph":[{"@type":"Organization","@id":"https:\/\/dunyaayaksagligi.com\/tr\/#organization","name":"D\u00fcnya Ayak Sa\u011fl\u0131\u011f\u0131 Merkezi","url":"https:\/\/dunyaayaksagligi.com\/tr\/","sameAs":["https:\/\/www.instagram.com\/dunyaayaksagligi\/","https:\/\/www.youtube.com\/channel\/UCMystCymH-yGpWUAOOo6sJg","https:\/\/www.facebook.com\/dunyaayaksagligi","https:\/\/twitter.com\/AyakSagligim"],"logo":{"@type":"ImageObject","inLanguage":"tr","@id":"https:\/\/dunyaayaksagligi.com\/tr\/#\/schema\/logo\/image\/","url":"https:\/\/dunyaayaksagligi.com\/wp-content\/uploads\/2021\/11\/logo_ft_1.png","contentUrl":"https:\/\/dunyaayaksagligi.com\/wp-content\/uploads\/2021\/11\/logo_ft_1.png","width":326,"height":106,"caption":"D\u00fcnya Ayak Sa\u011fl\u0131\u011f\u0131 Merkezi"},"image":{"@id":"https:\/\/dunyaayaksagligi.com\/tr\/#\/schema\/logo\/image\/"}},{"@type":"WebSite","@id":"https:\/\/dunyaayaksagligi.com\/tr\/#website","url":"https:\/\/dunyaayaksagligi.com\/tr\/","name":"D\u00fcnya Ayak Sa\u011fl\u0131\u011f\u0131 Merkezi","description":"D\u00fcnya Ayak Sa\u011fl\u0131\u011f\u0131 Merkezi - Ata\u015fehir","publisher":{"@id":"https:\/\/dunyaayaksagligi.com\/tr\/#organization"},"potentialAction":[{"@type":"SearchAction","target":{"@type":"EntryPoint","urlTemplate":"https:\/\/dunyaayaksagligi.com\/tr\/?s={search_term_string}"},"query-input":"required name=search_term_string"}],"inLanguage":"tr"},{"@type":"ImageObject","inLanguage":"tr","@id":"https:\/\/dunyaayaksagligi.com\/call-to-action\/#primaryimage","url":"http:\/\/asm1.smyrnateknoloji.com\/wp-content\/uploads\/2018\/11\/figure7.png","contentUrl":"http:\/\/asm1.smyrnateknoloji.com\/wp-content\/uploads\/2018\/11\/figure7.png"},{"@type":"WebPage","@id":"https:\/\/dunyaayaksagligi.com\/call-to-action\/","url":"https:\/\/dunyaayaksagligi.com\/call-to-action\/","name":"Call to Action - D\u00fcnya Ayak Sa\u011fl\u0131\u011f\u0131 Merkezi","isPartOf":{"@id":"https:\/\/dunyaayaksagligi.com\/tr\/#website"},"primaryImageOfPage":{"@id":"https:\/\/dunyaayaksagligi.com\/call-to-action\/#primaryimage"},"datePublished":"2018-11-13T06:37:59+00:00","dateModified":"2019-02-28T08:45:03+00:00","breadcrumb":{"@id":"https:\/\/dunyaayaksagligi.com\/call-to-action\/#breadcrumb"},"inLanguage":"tr","potentialAction":[{"@type":"ReadAction","target":["https:\/\/dunyaayaksagligi.com\/call-to-action\/"]}]},{"@type":"BreadcrumbList","@id":"https:\/\/dunyaayaksagligi.com\/call-to-action\/#breadcrumb","itemListElement":[{"@type":"ListItem","position":1,"name":"Anasayfa","item":"https:\/\/dunyaayaksagligi.com\/"},{"@type":"ListItem","position":2,"name":"Call to Action"}]}]}},"_links":{"self":[{"href":"https:\/\/dunyaayaksagligi.com\/tr\/wp-json\/wp\/v2\/pages\/411"}],"collection":[{"href":"https:\/\/dunyaayaksagligi.com\/tr\/wp-json\/wp\/v2\/pages"}],"about":[{"href":"https:\/\/dunyaayaksagligi.com\/tr\/wp-json\/wp\/v2\/types\/page"}],"author":[{"embeddable":true,"href":"https:\/\/dunyaayaksagligi.com\/tr\/wp-json\/wp\/v2\/users\/1"}],"replies":[{"embeddable":true,"href":"https:\/\/dunyaayaksagligi.com\/tr\/wp-json\/wp\/v2\/comments?post=411"}],"version-history":[{"count":0,"href":"https:\/\/dunyaayaksagligi.com\/tr\/wp-json\/wp\/v2\/pages\/411\/revisions"}],"wp:attachment":[{"href":"https:\/\/dunyaayaksagligi.com\/tr\/wp-json\/wp\/v2\/media?parent=411"}],"curies":[{"name":"wp","href":"https:\/\/api.w.org\/{rel}","templated":true}]}}