{"id":675,"date":"2018-11-15T09:47:24","date_gmt":"2018-11-15T06:47:24","guid":{"rendered":"http:\/\/asm1.smyrnateknoloji.com\/?page_id=675"},"modified":"2021-08-10T16:55:06","modified_gmt":"2021-08-10T13:55:06","slug":"sss","status":"publish","type":"page","link":"https:\/\/dunyaayaksagligi.com\/en\/sss\/","title":{"rendered":"Sorular"},"content":{"rendered":"<div data-elementor-type=\"wp-post\" data-elementor-id=\"675\" class=\"elementor elementor-675 elementor-bc-flex-widget\" data-elementor-settings=\"[]\">\n\t\t\t\t\t\t<div class=\"elementor-inner\">\n\t\t\t\t\t\t\t<div class=\"elementor-section-wrap\">\n\t\t\t\t\t\t\t<section class=\"elementor-section elementor-top-section elementor-element elementor-element-2665b484 elementor-section-boxed elementor-section-height-default elementor-section-height-default\" data-id=\"2665b484\" data-element_type=\"section\">\n\t\t\t\t\t\t<div class=\"elementor-container elementor-column-gap-default\">\n\t\t\t\t\t\t\t<div class=\"elementor-row\">\n\t\t\t\t\t<div class=\"elementor-column elementor-col-50 elementor-top-column elementor-element elementor-element-62a291dd\" data-id=\"62a291dd\" data-element_type=\"column\">\n\t\t\t<div class=\"elementor-column-wrap elementor-element-populated\">\n\t\t\t\t\t\t\t<div class=\"elementor-widget-wrap\">\n\t\t\t\t\t\t<div class=\"elementor-element elementor-element-43ff450 elementor-widget elementor-widget-rt-title\" data-id=\"43ff450\" data-element_type=\"widget\" data-widget_type=\"rt-title.default\">\n\t\t\t\t<div class=\"elementor-widget-container\">\n\t\t\t<div class=\"section-heading heading-dark text-left heading-layout1\">\n        <h2 class=\"rtin-title\">Why People Choose Us?<\/h2>\n        \t\t\t<p class=\"rtin-subtitle\">Lorem Ipsum has been standard daand scrambled. Rimply dummy text of the printing and typesetting industry<\/p> \n         <\/div>\t\t<\/div>\n\t\t\t\t<\/div>\n\t\t\t\t<div class=\"elementor-element elementor-element-37f4419b elementor-widget elementor-widget-accordion\" data-id=\"37f4419b\" data-element_type=\"widget\" data-widget_type=\"accordion.default\">\n\t\t\t\t<div class=\"elementor-widget-container\">\n\t\t\t\t\t<div class=\"elementor-accordion\" role=\"tablist\">\n\t\t\t\t\t\t\t<div class=\"elementor-accordion-item\">\n\t\t\t\t\t<h3 id=\"elementor-tab-title-9381\" class=\"elementor-tab-title\" data-tab=\"1\" role=\"tab\" aria-controls=\"elementor-tab-content-9381\" aria-expanded=\"false\">\n\t\t\t\t\t\t\t\t\t\t\t\t\t<span class=\"elementor-accordion-icon elementor-accordion-icon-right\" aria-hidden=\"true\">\n\t\t\t\t\t\t\t\t\t\t\t\t\t\t\t<span class=\"elementor-accordion-icon-closed\"><i class=\"fas fa-plus\"><\/i><\/span>\n\t\t\t\t\t\t\t\t<span class=\"elementor-accordion-icon-opened\"><i class=\"fas fa-minus\"><\/i><\/span>\n\t\t\t\t\t\t\t\t\t\t\t\t\t\t<\/span>\n\t\t\t\t\t\t\t\t\t\t\t\t<a class=\"elementor-accordion-title\" href=\"\">Accepting Insurance Cards<\/a>\n\t\t\t\t\t<\/h3>\n\t\t\t\t\t<div id=\"elementor-tab-content-9381\" class=\"elementor-tab-content elementor-clearfix\" data-tab=\"1\" role=\"tabpanel\" aria-labelledby=\"elementor-tab-title-9381\"><p>Moimply dummy text of the printing and type settingaindustry. Lorem Ipsum has been the industry\u2019s standard dummy text ever since thelong established fact thaaret<\/p><\/div>\n\t\t\t\t<\/div>\n\t\t\t\t\t\t\t<div class=\"elementor-accordion-item\">\n\t\t\t\t\t<h3 id=\"elementor-tab-title-9382\" class=\"elementor-tab-title\" data-tab=\"2\" role=\"tab\" aria-controls=\"elementor-tab-content-9382\" aria-expanded=\"false\">\n\t\t\t\t\t\t\t\t\t\t\t\t\t<span class=\"elementor-accordion-icon elementor-accordion-icon-right\" aria-hidden=\"true\">\n\t\t\t\t\t\t\t\t\t\t\t\t\t\t\t<span class=\"elementor-accordion-icon-closed\"><i class=\"fas fa-plus\"><\/i><\/span>\n\t\t\t\t\t\t\t\t<span class=\"elementor-accordion-icon-opened\"><i class=\"fas fa-minus\"><\/i><\/span>\n\t\t\t\t\t\t\t\t\t\t\t\t\t\t<\/span>\n\t\t\t\t\t\t\t\t\t\t\t\t<a class=\"elementor-accordion-title\" href=\"\">Accepting Insurance Cards<\/a>\n\t\t\t\t\t<\/h3>\n\t\t\t\t\t<div id=\"elementor-tab-content-9382\" class=\"elementor-tab-content elementor-clearfix\" data-tab=\"2\" role=\"tabpanel\" aria-labelledby=\"elementor-tab-title-9382\"><p>Moimply dummy text of the printing and type settingaindustry. Lorem Ipsum has been the industry\u2019s standard dummy text ever since thelong established fact thaaret<\/p><\/div>\n\t\t\t\t<\/div>\n\t\t\t\t\t\t\t<div class=\"elementor-accordion-item\">\n\t\t\t\t\t<h3 id=\"elementor-tab-title-9383\" class=\"elementor-tab-title\" data-tab=\"3\" role=\"tab\" aria-controls=\"elementor-tab-content-9383\" aria-expanded=\"false\">\n\t\t\t\t\t\t\t\t\t\t\t\t\t<span class=\"elementor-accordion-icon elementor-accordion-icon-right\" aria-hidden=\"true\">\n\t\t\t\t\t\t\t\t\t\t\t\t\t\t\t<span class=\"elementor-accordion-icon-closed\"><i class=\"fas fa-plus\"><\/i><\/span>\n\t\t\t\t\t\t\t\t<span class=\"elementor-accordion-icon-opened\"><i class=\"fas fa-minus\"><\/i><\/span>\n\t\t\t\t\t\t\t\t\t\t\t\t\t\t<\/span>\n\t\t\t\t\t\t\t\t\t\t\t\t<a class=\"elementor-accordion-title\" href=\"\">Using Innovative Technology<\/a>\n\t\t\t\t\t<\/h3>\n\t\t\t\t\t<div id=\"elementor-tab-content-9383\" class=\"elementor-tab-content elementor-clearfix\" data-tab=\"3\" role=\"tabpanel\" aria-labelledby=\"elementor-tab-title-9383\"><p>Moimply dummy text of the printing and type settingaindustry. Lorem Ipsum has been the industry\u2019s standard dummy text ever since thelong established fact thaaret<\/p><\/div>\n\t\t\t\t<\/div>\n\t\t\t\t\t\t\t<div class=\"elementor-accordion-item\">\n\t\t\t\t\t<h3 id=\"elementor-tab-title-9384\" class=\"elementor-tab-title\" data-tab=\"4\" role=\"tab\" aria-controls=\"elementor-tab-content-9384\" aria-expanded=\"false\">\n\t\t\t\t\t\t\t\t\t\t\t\t\t<span class=\"elementor-accordion-icon elementor-accordion-icon-right\" aria-hidden=\"true\">\n\t\t\t\t\t\t\t\t\t\t\t\t\t\t\t<span class=\"elementor-accordion-icon-closed\"><i class=\"fas fa-plus\"><\/i><\/span>\n\t\t\t\t\t\t\t\t<span class=\"elementor-accordion-icon-opened\"><i class=\"fas fa-minus\"><\/i><\/span>\n\t\t\t\t\t\t\t\t\t\t\t\t\t\t<\/span>\n\t\t\t\t\t\t\t\t\t\t\t\t<a class=\"elementor-accordion-title\" href=\"\">Using Innovative Technology<\/a>\n\t\t\t\t\t<\/h3>\n\t\t\t\t\t<div id=\"elementor-tab-content-9384\" class=\"elementor-tab-content elementor-clearfix\" data-tab=\"4\" role=\"tabpanel\" aria-labelledby=\"elementor-tab-title-9384\"><p>Moimply dummy text of the printing and type settingaindustry. Lorem Ipsum has been the industry\u2019s standard dummy text ever since thelong established fact thaaret<\/p><\/div>\n\t\t\t\t<\/div>\n\t\t\t\t\t\t\t\t<\/div>\n\t\t\t\t<\/div>\n\t\t\t\t<\/div>\n\t\t\t\t\t\t<\/div>\n\t\t\t\t\t<\/div>\n\t\t<\/div>\n\t\t\t\t<div class=\"elementor-column elementor-col-50 elementor-top-column elementor-element elementor-element-455a4c63\" data-id=\"455a4c63\" data-element_type=\"column\">\n\t\t\t<div class=\"elementor-column-wrap elementor-element-populated\">\n\t\t\t\t\t\t\t<div class=\"elementor-widget-wrap\">\n\t\t\t\t\t\t<div class=\"elementor-element elementor-element-7e93bb92 elementor-widget elementor-widget-image\" data-id=\"7e93bb92\" data-element_type=\"widget\" data-widget_type=\"image.default\">\n\t\t\t\t<div class=\"elementor-widget-container\">\n\t\t\t\t\t\t\t\t<div class=\"elementor-image\">\n\t\t\t\t\t\t\t\t\t\t\t\t<img src=\"https:\/\/dunyaayaksagligi.com\/\/wp-content\/uploads\/2018\/11\/faq.png\" title=\"\" alt=\"\" \/>\t\t\t\t\t\t\t\t\t\t\t\t\t\t<\/div>\n\t\t\t\t\t\t<\/div>\n\t\t\t\t<\/div>\n\t\t\t\t\t\t<\/div>\n\t\t\t\t\t<\/div>\n\t\t<\/div>\n\t\t\t\t\t\t\t\t<\/div>\n\t\t\t\t\t<\/div>\n\t\t<\/section>\n\t\t\t\t<section class=\"elementor-section elementor-top-section elementor-element elementor-element-4dbe0e2 elementor-section-stretched elementor-section-boxed elementor-section-height-default elementor-section-height-default\" data-id=\"4dbe0e2\" data-element_type=\"section\" data-settings=\"{&quot;stretch_section&quot;:&quot;section-stretched&quot;,&quot;background_background&quot;:&quot;classic&quot;}\">\n\t\t\t\t\t\t<div class=\"elementor-container elementor-column-gap-default\">\n\t\t\t\t\t\t\t<div class=\"elementor-row\">\n\t\t\t\t\t<div class=\"elementor-column elementor-col-33 elementor-top-column elementor-element elementor-element-f6cd80c\" data-id=\"f6cd80c\" data-element_type=\"column\">\n\t\t\t<div class=\"elementor-column-wrap\">\n\t\t\t\t\t\t\t<div class=\"elementor-widget-wrap\">\n\t\t\t\t\t\t\t\t<\/div>\n\t\t\t\t\t<\/div>\n\t\t<\/div>\n\t\t\t\t<div class=\"elementor-column elementor-col-33 elementor-top-column elementor-element elementor-element-7a63cb9\" data-id=\"7a63cb9\" data-element_type=\"column\">\n\t\t\t<div class=\"elementor-column-wrap elementor-element-populated\">\n\t\t\t\t\t\t\t<div class=\"elementor-widget-wrap\">\n\t\t\t\t\t\t<div class=\"elementor-element elementor-element-40394e5 elementor-widget elementor-widget-rt-title\" data-id=\"40394e5\" data-element_type=\"widget\" data-widget_type=\"rt-title.default\">\n\t\t\t\t<div class=\"elementor-widget-container\">\n\t\t\t\t<div class=\"rt-el-title section-heading heading-dark text-center heading-layout1 style1 theme1\">\n\t\t<h2 class=\"rtin-title\">Ask Us if you have any question?<\/h2>\n\t\t\t\t\t\t<p class=\"rtin-subtitle\">Lorem Ipsum has been standard daand scrambled. <\/p>\n\t\t\t\n\t<\/div>\n\t\t\t<\/div>\n\t\t\t\t<\/div>\n\t\t\t\t<div class=\"elementor-element elementor-element-555134c elementor-widget elementor-widget-shortcode\" data-id=\"555134c\" data-element_type=\"widget\" data-widget_type=\"shortcode.default\">\n\t\t\t\t<div class=\"elementor-widget-container\">\n\t\t\t\t\t<div class=\"elementor-shortcode\"><div role=\"form\" class=\"wpcf7\" id=\"wpcf7-f691-o1\" lang=\"en-US\" dir=\"ltr\">\n<div class=\"screen-reader-response\"><p role=\"status\" aria-live=\"polite\" aria-atomic=\"true\"><\/p> <ul><\/ul><\/div>\n<form action=\"\/en\/wp-json\/wp\/v2\/pages\/675#wpcf7-f691-o1\" method=\"post\" class=\"wpcf7-form init\" novalidate=\"novalidate\" data-status=\"init\" data-trp-original-action=\"\/en\/wp-json\/wp\/v2\/pages\/675#wpcf7-f691-o1\">\n<div style=\"display: none;\">\n<input type=\"hidden\" name=\"_wpcf7\" value=\"691\" \/>\n<input type=\"hidden\" name=\"_wpcf7_version\" value=\"5.5.3\" \/>\n<input type=\"hidden\" name=\"_wpcf7_locale\" value=\"en_US\" \/>\n<input type=\"hidden\" name=\"_wpcf7_unit_tag\" value=\"wpcf7-f691-o1\" \/>\n<input type=\"hidden\" name=\"_wpcf7_container_post\" value=\"0\" \/>\n<input type=\"hidden\" name=\"_wpcf7_posted_data_hash\" value=\"\" \/>\n<\/div>\n<div class=\"faq-ask-question-layout1\">\n<div class=\"faq-question-box\">\n<div class=\"row\">\n<div class=\"col-md-6 form-group\"><span class=\"wpcf7-form-control-wrap fname\"><input type=\"text\" name=\"fname\" value=\"\" size=\"40\" class=\"wpcf7-form-control wpcf7-text wpcf7-validates-as-required form-control\" aria-required=\"true\" aria-invalid=\"false\" placeholder=\"First Name *\" \/><\/span>\n<\/div>\n<div class=\"col-md-6 form-group\"><span class=\"wpcf7-form-control-wrap lname\"><input type=\"text\" name=\"lname\" value=\"\" size=\"40\" class=\"wpcf7-form-control wpcf7-text wpcf7-validates-as-required form-control\" aria-required=\"true\" aria-invalid=\"false\" placeholder=\"Last Name *\" \/><\/span><\/div>\n<div class=\"col-md-6 form-group\"><span class=\"wpcf7-form-control-wrap lname\"><input type=\"text\" name=\"lname\" value=\"\" size=\"40\" class=\"wpcf7-form-control wpcf7-text wpcf7-validates-as-required form-control\" aria-required=\"true\" aria-invalid=\"false\" placeholder=\"Last Name *\" \/><\/span><\/div>\n<div class=\"col-md-6 form-group\"><span class=\"wpcf7-form-control-wrap phone\"><input type=\"text\" name=\"phone\" value=\"\" size=\"40\" class=\"wpcf7-form-control wpcf7-text wpcf7-validates-as-required form-control\" aria-required=\"true\" aria-invalid=\"false\" placeholder=\"Phone *\" \/><\/span><\/div>\n<div class=\"col-12 form-group\"><span class=\"wpcf7-form-control-wrap menu-890\"><select name=\"menu-890\" class=\"wpcf7-form-control wpcf7-select wpcf7-validates-as-required select2\" aria-required=\"true\" aria-invalid=\"false\"><option value=\"Select Subject\">Select Subject<\/option><option value=\"Dr. Mou\">Dr. Mou<\/option><option value=\"Dr. Kalvin\">Dr. Kalvin<\/option><option value=\"Dr. Mark Willy\">Dr. Mark Willy<\/option><option value=\"Dr. Zinia Zara\">Dr. Zinia Zara<\/option><\/select><\/span><\/div>\n<div class=\"col-12 form-group\"> <span class=\"wpcf7-form-control-wrap message\"><textarea name=\"message\" cols=\"40\" rows=\"10\" class=\"wpcf7-form-control wpcf7-textarea textarea form-control\" aria-invalid=\"false\" placeholder=\"Message*\"><\/textarea><\/span><\/div>\n<div class=\"col-12 form-group\"><input type=\"submit\" value=\"Submit Message\" class=\"wpcf7-form-control has-spinner wpcf7-submit item-btn\" \/> <\/div>\n<\/div>\n<\/div>\n<\/div>\n<p style=\"display: none !important;\"><label>&#916;<textarea name=\"_wpcf7_ak_hp_textarea\" cols=\"45\" rows=\"8\" maxlength=\"100\"><\/textarea><\/label><input type=\"hidden\" id=\"ak_js_1\" name=\"_wpcf7_ak_js\" value=\"156\"\/><script>document.getElementById( \"ak_js_1\" ).setAttribute( \"value\", ( new Date() ).getTime() );<\/script><\/p><div class=\"wpcf7-response-output\" aria-hidden=\"true\"><\/div><input type=\"hidden\" name=\"trp-form-language\" value=\"en\"\/><\/form><\/div><\/div>\n\t\t\t\t<\/div>\n\t\t\t\t<\/div>\n\t\t\t\t\t\t<\/div>\n\t\t\t\t\t<\/div>\n\t\t<\/div>\n\t\t\t\t<div class=\"elementor-column elementor-col-33 elementor-top-column elementor-element elementor-element-1fb5a38\" data-id=\"1fb5a38\" data-element_type=\"column\">\n\t\t\t<div class=\"elementor-column-wrap\">\n\t\t\t\t\t\t\t<div class=\"elementor-widget-wrap\">\n\t\t\t\t\t\t\t\t<\/div>\n\t\t\t\t\t<\/div>\n\t\t<\/div>\n\t\t\t\t\t\t\t\t<\/div>\n\t\t\t\t\t<\/div>\n\t\t<\/section>\n\t\t\t\t\t\t<\/div>\n\t\t\t\t\t\t<\/div>\n\t\t\t\t\t<\/div>","protected":false},"excerpt":{"rendered":"<p>Why People Choose Us? Lorem Ipsum has been standard daand scrambled. Rimply dummy text of the printing and typesetting industry Accepting Insurance Cards Moimply dummy text of the printing and type settingaindustry. Lorem Ipsum has been the industry\u2019s standard dummy text ever since thelong established fact thaaret Accepting Insurance Cards Moimply dummy text of the&#8230;<\/p>","protected":false},"author":1,"featured_media":0,"parent":0,"menu_order":0,"comment_status":"closed","ping_status":"closed","template":"","meta":[],"yoast_head":"<!-- This site is optimized with the Yoast SEO plugin v19.3 - https:\/\/yoast.com\/wordpress\/plugins\/seo\/ -->\n<title>Sorular - D\u00fcnya Ayak Sa\u011fl\u0131\u011f\u0131 Merkezi<\/title>\n<meta name=\"robots\" content=\"index, follow, max-snippet:-1, max-image-preview:large, max-video-preview:-1\" \/>\n<link rel=\"canonical\" href=\"https:\/\/dunyaayaksagligi.com\/en\/sss\/\" \/>\n<meta property=\"og:locale\" content=\"en_GB\" \/>\n<meta property=\"og:type\" content=\"article\" \/>\n<meta property=\"og:title\" content=\"Sorular - D\u00fcnya Ayak Sa\u011fl\u0131\u011f\u0131 Merkezi\" \/>\n<meta property=\"og:description\" content=\"Why People Choose Us? Lorem Ipsum has been standard daand scrambled. Rimply dummy text of the printing and typesetting industry Accepting Insurance Cards Moimply dummy text of the printing and type settingaindustry. Lorem Ipsum has been the industry\u2019s standard dummy text ever since thelong established fact thaaret Accepting Insurance Cards Moimply dummy text of the...\" \/>\n<meta property=\"og:url\" content=\"https:\/\/dunyaayaksagligi.com\/en\/sss\/\" \/>\n<meta property=\"og:site_name\" content=\"D\u00fcnya Ayak Sa\u011fl\u0131\u011f\u0131 Merkezi\" \/>\n<meta property=\"article:publisher\" content=\"https:\/\/www.facebook.com\/dunyaayaksagligi\" \/>\n<meta property=\"article:modified_time\" content=\"2021-08-10T13:55:06+00:00\" \/>\n<meta property=\"og:image\" content=\"http:\/\/asm1.smyrnateknoloji.com\/wp-content\/uploads\/2018\/11\/faq.png\" \/>\n<meta name=\"twitter:card\" content=\"summary_large_image\" \/>\n<meta name=\"twitter:site\" content=\"@AyakSagligim\" \/>\n<meta name=\"twitter:label1\" content=\"Estimated reading time\" \/>\n\t<meta name=\"twitter:data1\" content=\"1 minute\" \/>\n<script type=\"application\/ld+json\" class=\"yoast-schema-graph\">{\"@context\":\"https:\/\/schema.org\",\"@graph\":[{\"@type\":\"Organization\",\"@id\":\"https:\/\/dunyaayaksagligi.com\/tr\/#organization\",\"name\":\"D\u00fcnya Ayak Sa\u011fl\u0131\u011f\u0131 Merkezi\",\"url\":\"https:\/\/dunyaayaksagligi.com\/tr\/\",\"sameAs\":[\"https:\/\/www.instagram.com\/dunyaayaksagligi\/\",\"https:\/\/www.youtube.com\/channel\/UCMystCymH-yGpWUAOOo6sJg\",\"https:\/\/www.facebook.com\/dunyaayaksagligi\",\"https:\/\/twitter.com\/AyakSagligim\"],\"logo\":{\"@type\":\"ImageObject\",\"inLanguage\":\"en-GB\",\"@id\":\"https:\/\/dunyaayaksagligi.com\/tr\/#\/schema\/logo\/image\/\",\"url\":\"https:\/\/dunyaayaksagligi.com\/wp-content\/uploads\/2021\/11\/logo_ft_1.png\",\"contentUrl\":\"https:\/\/dunyaayaksagligi.com\/wp-content\/uploads\/2021\/11\/logo_ft_1.png\",\"width\":326,\"height\":106,\"caption\":\"D\u00fcnya Ayak Sa\u011fl\u0131\u011f\u0131 Merkezi\"},\"image\":{\"@id\":\"https:\/\/dunyaayaksagligi.com\/tr\/#\/schema\/logo\/image\/\"}},{\"@type\":\"WebSite\",\"@id\":\"https:\/\/dunyaayaksagligi.com\/tr\/#website\",\"url\":\"https:\/\/dunyaayaksagligi.com\/tr\/\",\"name\":\"D\u00fcnya Ayak Sa\u011fl\u0131\u011f\u0131 Merkezi\",\"description\":\"D\u00fcnya Ayak Sa\u011fl\u0131\u011f\u0131 Merkezi - Ata\u015fehir\",\"publisher\":{\"@id\":\"https:\/\/dunyaayaksagligi.com\/tr\/#organization\"},\"potentialAction\":[{\"@type\":\"SearchAction\",\"target\":{\"@type\":\"EntryPoint\",\"urlTemplate\":\"https:\/\/dunyaayaksagligi.com\/tr\/?s={search_term_string}\"},\"query-input\":\"required name=search_term_string\"}],\"inLanguage\":\"en-GB\"},{\"@type\":\"ImageObject\",\"inLanguage\":\"en-GB\",\"@id\":\"https:\/\/dunyaayaksagligi.com\/tr\/sss\/#primaryimage\",\"url\":\"http:\/\/asm1.smyrnateknoloji.com\/wp-content\/uploads\/2018\/11\/faq.png\",\"contentUrl\":\"http:\/\/asm1.smyrnateknoloji.com\/wp-content\/uploads\/2018\/11\/faq.png\"},{\"@type\":\"WebPage\",\"@id\":\"https:\/\/dunyaayaksagligi.com\/tr\/sss\/\",\"url\":\"https:\/\/dunyaayaksagligi.com\/tr\/sss\/\",\"name\":\"Sorular - D\u00fcnya Ayak Sa\u011fl\u0131\u011f\u0131 Merkezi\",\"isPartOf\":{\"@id\":\"https:\/\/dunyaayaksagligi.com\/tr\/#website\"},\"primaryImageOfPage\":{\"@id\":\"https:\/\/dunyaayaksagligi.com\/tr\/sss\/#primaryimage\"},\"datePublished\":\"2018-11-15T06:47:24+00:00\",\"dateModified\":\"2021-08-10T13:55:06+00:00\",\"breadcrumb\":{\"@id\":\"https:\/\/dunyaayaksagligi.com\/tr\/sss\/#breadcrumb\"},\"inLanguage\":\"en-GB\",\"potentialAction\":[{\"@type\":\"ReadAction\",\"target\":[\"https:\/\/dunyaayaksagligi.com\/tr\/sss\/\"]}]},{\"@type\":\"BreadcrumbList\",\"@id\":\"https:\/\/dunyaayaksagligi.com\/tr\/sss\/#breadcrumb\",\"itemListElement\":[{\"@type\":\"ListItem\",\"position\":1,\"name\":\"Anasayfa\",\"item\":\"https:\/\/dunyaayaksagligi.com\/\"},{\"@type\":\"ListItem\",\"position\":2,\"name\":\"Sorular\"}]}]}<\/script>\n<!-- \/ Yoast SEO plugin. -->","yoast_head_json":{"title":"Sorular - D\u00fcnya Ayak Sa\u011fl\u0131\u011f\u0131 Merkezi","robots":{"index":"index","follow":"follow","max-snippet":"max-snippet:-1","max-image-preview":"max-image-preview:large","max-video-preview":"max-video-preview:-1"},"canonical":"https:\/\/dunyaayaksagligi.com\/en\/sss\/","og_locale":"en_GB","og_type":"article","og_title":"Sorular - D\u00fcnya Ayak Sa\u011fl\u0131\u011f\u0131 Merkezi","og_description":"Why People Choose Us? Lorem Ipsum has been standard daand scrambled. Rimply dummy text of the printing and typesetting industry Accepting Insurance Cards Moimply dummy text of the printing and type settingaindustry. Lorem Ipsum has been the industry\u2019s standard dummy text ever since thelong established fact thaaret Accepting Insurance Cards Moimply dummy text of the...","og_url":"https:\/\/dunyaayaksagligi.com\/en\/sss\/","og_site_name":"D\u00fcnya Ayak Sa\u011fl\u0131\u011f\u0131 Merkezi","article_publisher":"https:\/\/www.facebook.com\/dunyaayaksagligi","article_modified_time":"2021-08-10T13:55:06+00:00","og_image":[{"url":"http:\/\/asm1.smyrnateknoloji.com\/wp-content\/uploads\/2018\/11\/faq.png"}],"twitter_card":"summary_large_image","twitter_site":"@AyakSagligim","twitter_misc":{"Estimated reading time":"1 minute"},"schema":{"@context":"https:\/\/schema.org","@graph":[{"@type":"Organization","@id":"https:\/\/dunyaayaksagligi.com\/tr\/#organization","name":"D\u00fcnya Ayak Sa\u011fl\u0131\u011f\u0131 Merkezi","url":"https:\/\/dunyaayaksagligi.com\/tr\/","sameAs":["https:\/\/www.instagram.com\/dunyaayaksagligi\/","https:\/\/www.youtube.com\/channel\/UCMystCymH-yGpWUAOOo6sJg","https:\/\/www.facebook.com\/dunyaayaksagligi","https:\/\/twitter.com\/AyakSagligim"],"logo":{"@type":"ImageObject","inLanguage":"en-GB","@id":"https:\/\/dunyaayaksagligi.com\/tr\/#\/schema\/logo\/image\/","url":"https:\/\/dunyaayaksagligi.com\/wp-content\/uploads\/2021\/11\/logo_ft_1.png","contentUrl":"https:\/\/dunyaayaksagligi.com\/wp-content\/uploads\/2021\/11\/logo_ft_1.png","width":326,"height":106,"caption":"D\u00fcnya Ayak Sa\u011fl\u0131\u011f\u0131 Merkezi"},"image":{"@id":"https:\/\/dunyaayaksagligi.com\/tr\/#\/schema\/logo\/image\/"}},{"@type":"WebSite","@id":"https:\/\/dunyaayaksagligi.com\/tr\/#website","url":"https:\/\/dunyaayaksagligi.com\/tr\/","name":"D\u00fcnya Ayak Sa\u011fl\u0131\u011f\u0131 Merkezi","description":"D\u00fcnya Ayak Sa\u011fl\u0131\u011f\u0131 Merkezi - Ata\u015fehir","publisher":{"@id":"https:\/\/dunyaayaksagligi.com\/tr\/#organization"},"potentialAction":[{"@type":"SearchAction","target":{"@type":"EntryPoint","urlTemplate":"https:\/\/dunyaayaksagligi.com\/tr\/?s={search_term_string}"},"query-input":"required name=search_term_string"}],"inLanguage":"en-GB"},{"@type":"ImageObject","inLanguage":"en-GB","@id":"https:\/\/dunyaayaksagligi.com\/tr\/sss\/#primaryimage","url":"http:\/\/asm1.smyrnateknoloji.com\/wp-content\/uploads\/2018\/11\/faq.png","contentUrl":"http:\/\/asm1.smyrnateknoloji.com\/wp-content\/uploads\/2018\/11\/faq.png"},{"@type":"WebPage","@id":"https:\/\/dunyaayaksagligi.com\/tr\/sss\/","url":"https:\/\/dunyaayaksagligi.com\/tr\/sss\/","name":"Sorular - D\u00fcnya Ayak Sa\u011fl\u0131\u011f\u0131 Merkezi","isPartOf":{"@id":"https:\/\/dunyaayaksagligi.com\/tr\/#website"},"primaryImageOfPage":{"@id":"https:\/\/dunyaayaksagligi.com\/tr\/sss\/#primaryimage"},"datePublished":"2018-11-15T06:47:24+00:00","dateModified":"2021-08-10T13:55:06+00:00","breadcrumb":{"@id":"https:\/\/dunyaayaksagligi.com\/tr\/sss\/#breadcrumb"},"inLanguage":"en-GB","potentialAction":[{"@type":"ReadAction","target":["https:\/\/dunyaayaksagligi.com\/tr\/sss\/"]}]},{"@type":"BreadcrumbList","@id":"https:\/\/dunyaayaksagligi.com\/tr\/sss\/#breadcrumb","itemListElement":[{"@type":"ListItem","position":1,"name":"Anasayfa","item":"https:\/\/dunyaayaksagligi.com\/"},{"@type":"ListItem","position":2,"name":"Sorular"}]}]}},"_links":{"self":[{"href":"https:\/\/dunyaayaksagligi.com\/en\/wp-json\/wp\/v2\/pages\/675"}],"collection":[{"href":"https:\/\/dunyaayaksagligi.com\/en\/wp-json\/wp\/v2\/pages"}],"about":[{"href":"https:\/\/dunyaayaksagligi.com\/en\/wp-json\/wp\/v2\/types\/page"}],"author":[{"embeddable":true,"href":"https:\/\/dunyaayaksagligi.com\/en\/wp-json\/wp\/v2\/users\/1"}],"replies":[{"embeddable":true,"href":"https:\/\/dunyaayaksagligi.com\/en\/wp-json\/wp\/v2\/comments?post=675"}],"version-history":[{"count":1,"href":"https:\/\/dunyaayaksagligi.com\/en\/wp-json\/wp\/v2\/pages\/675\/revisions"}],"predecessor-version":[{"id":3125,"href":"https:\/\/dunyaayaksagligi.com\/en\/wp-json\/wp\/v2\/pages\/675\/revisions\/3125"}],"wp:attachment":[{"href":"https:\/\/dunyaayaksagligi.com\/en\/wp-json\/wp\/v2\/media?parent=675"}],"curies":[{"name":"wp","href":"https:\/\/api.w.org\/{rel}","templated":true}]}}