{"id":4537,"date":"2022-01-02T21:32:35","date_gmt":"2022-01-02T18:32:35","guid":{"rendered":"http:\/\/asm1.smyrnateknoloji.com\/booking-my-account\/"},"modified":"2022-01-02T21:32:35","modified_gmt":"2022-01-02T18:32:35","slug":"booking-my-account","status":"publish","type":"page","link":"https:\/\/dunyaayaksagligi.com\/en\/booking-my-account\/","title":{"rendered":"Booking My Account"},"content":{"rendered":"<p>[salon_booking_my_account]<\/p>","protected":false},"excerpt":{"rendered":"<p>[salon_booking_my_account]<\/p>","protected":false},"author":1,"featured_media":0,"parent":0,"menu_order":0,"comment_status":"closed","ping_status":"closed","template":"","meta":[],"yoast_head":"<!-- This site is optimized with the Yoast SEO plugin v19.3 - https:\/\/yoast.com\/wordpress\/plugins\/seo\/ -->\n<title>Booking My Account - D\u00fcnya Ayak Sa\u011fl\u0131\u011f\u0131 Merkezi<\/title>\n<meta name=\"robots\" content=\"index, follow, max-snippet:-1, max-image-preview:large, max-video-preview:-1\" \/>\n<link rel=\"canonical\" href=\"https:\/\/dunyaayaksagligi.com\/en\/booking-my-account\/\" \/>\n<meta property=\"og:locale\" content=\"en_GB\" \/>\n<meta property=\"og:type\" content=\"article\" \/>\n<meta property=\"og:title\" content=\"Booking My Account - D\u00fcnya Ayak Sa\u011fl\u0131\u011f\u0131 Merkezi\" \/>\n<meta property=\"og:description\" content=\"[salon_booking_my_account]\" \/>\n<meta property=\"og:url\" content=\"https:\/\/dunyaayaksagligi.com\/en\/booking-my-account\/\" \/>\n<meta property=\"og:site_name\" content=\"D\u00fcnya Ayak Sa\u011fl\u0131\u011f\u0131 Merkezi\" \/>\n<meta property=\"article:publisher\" content=\"https:\/\/www.facebook.com\/dunyaayaksagligi\" \/>\n<meta name=\"twitter:card\" content=\"summary_large_image\" \/>\n<meta name=\"twitter:site\" content=\"@AyakSagligim\" \/>\n<script type=\"application\/ld+json\" class=\"yoast-schema-graph\">{\"@context\":\"https:\/\/schema.org\",\"@graph\":[{\"@type\":\"Organization\",\"@id\":\"https:\/\/dunyaayaksagligi.com\/tr\/#organization\",\"name\":\"D\u00fcnya Ayak Sa\u011fl\u0131\u011f\u0131 Merkezi\",\"url\":\"https:\/\/dunyaayaksagligi.com\/tr\/\",\"sameAs\":[\"https:\/\/www.instagram.com\/dunyaayaksagligi\/\",\"https:\/\/www.youtube.com\/channel\/UCMystCymH-yGpWUAOOo6sJg\",\"https:\/\/www.facebook.com\/dunyaayaksagligi\",\"https:\/\/twitter.com\/AyakSagligim\"],\"logo\":{\"@type\":\"ImageObject\",\"inLanguage\":\"en-GB\",\"@id\":\"https:\/\/dunyaayaksagligi.com\/tr\/#\/schema\/logo\/image\/\",\"url\":\"https:\/\/dunyaayaksagligi.com\/wp-content\/uploads\/2021\/11\/logo_ft_1.png\",\"contentUrl\":\"https:\/\/dunyaayaksagligi.com\/wp-content\/uploads\/2021\/11\/logo_ft_1.png\",\"width\":326,\"height\":106,\"caption\":\"D\u00fcnya Ayak Sa\u011fl\u0131\u011f\u0131 Merkezi\"},\"image\":{\"@id\":\"https:\/\/dunyaayaksagligi.com\/tr\/#\/schema\/logo\/image\/\"}},{\"@type\":\"WebSite\",\"@id\":\"https:\/\/dunyaayaksagligi.com\/tr\/#website\",\"url\":\"https:\/\/dunyaayaksagligi.com\/tr\/\",\"name\":\"D\u00fcnya Ayak Sa\u011fl\u0131\u011f\u0131 Merkezi\",\"description\":\"D\u00fcnya Ayak Sa\u011fl\u0131\u011f\u0131 Merkezi - Ata\u015fehir\",\"publisher\":{\"@id\":\"https:\/\/dunyaayaksagligi.com\/tr\/#organization\"},\"potentialAction\":[{\"@type\":\"SearchAction\",\"target\":{\"@type\":\"EntryPoint\",\"urlTemplate\":\"https:\/\/dunyaayaksagligi.com\/tr\/?s={search_term_string}\"},\"query-input\":\"required name=search_term_string\"}],\"inLanguage\":\"en-GB\"},{\"@type\":\"WebPage\",\"@id\":\"https:\/\/dunyaayaksagligi.com\/booking-my-account\/\",\"url\":\"https:\/\/dunyaayaksagligi.com\/booking-my-account\/\",\"name\":\"Booking My Account - D\u00fcnya Ayak Sa\u011fl\u0131\u011f\u0131 Merkezi\",\"isPartOf\":{\"@id\":\"https:\/\/dunyaayaksagligi.com\/tr\/#website\"},\"datePublished\":\"2022-01-02T18:32:35+00:00\",\"dateModified\":\"2022-01-02T18:32:35+00:00\",\"breadcrumb\":{\"@id\":\"https:\/\/dunyaayaksagligi.com\/booking-my-account\/#breadcrumb\"},\"inLanguage\":\"en-GB\",\"potentialAction\":[{\"@type\":\"ReadAction\",\"target\":[\"https:\/\/dunyaayaksagligi.com\/booking-my-account\/\"]}]},{\"@type\":\"BreadcrumbList\",\"@id\":\"https:\/\/dunyaayaksagligi.com\/booking-my-account\/#breadcrumb\",\"itemListElement\":[{\"@type\":\"ListItem\",\"position\":1,\"name\":\"Anasayfa\",\"item\":\"https:\/\/dunyaayaksagligi.com\/\"},{\"@type\":\"ListItem\",\"position\":2,\"name\":\"Booking My Account\"}]}]}<\/script>\n<!-- \/ Yoast SEO plugin. -->","yoast_head_json":{"title":"Booking My Account - D\u00fcnya Ayak Sa\u011fl\u0131\u011f\u0131 Merkezi","robots":{"index":"index","follow":"follow","max-snippet":"max-snippet:-1","max-image-preview":"max-image-preview:large","max-video-preview":"max-video-preview:-1"},"canonical":"https:\/\/dunyaayaksagligi.com\/en\/booking-my-account\/","og_locale":"en_GB","og_type":"article","og_title":"Booking My Account - D\u00fcnya Ayak Sa\u011fl\u0131\u011f\u0131 Merkezi","og_description":"[salon_booking_my_account]","og_url":"https:\/\/dunyaayaksagligi.com\/en\/booking-my-account\/","og_site_name":"D\u00fcnya Ayak Sa\u011fl\u0131\u011f\u0131 Merkezi","article_publisher":"https:\/\/www.facebook.com\/dunyaayaksagligi","twitter_card":"summary_large_image","twitter_site":"@AyakSagligim","schema":{"@context":"https:\/\/schema.org","@graph":[{"@type":"Organization","@id":"https:\/\/dunyaayaksagligi.com\/tr\/#organization","name":"D\u00fcnya Ayak Sa\u011fl\u0131\u011f\u0131 Merkezi","url":"https:\/\/dunyaayaksagligi.com\/tr\/","sameAs":["https:\/\/www.instagram.com\/dunyaayaksagligi\/","https:\/\/www.youtube.com\/channel\/UCMystCymH-yGpWUAOOo6sJg","https:\/\/www.facebook.com\/dunyaayaksagligi","https:\/\/twitter.com\/AyakSagligim"],"logo":{"@type":"ImageObject","inLanguage":"en-GB","@id":"https:\/\/dunyaayaksagligi.com\/tr\/#\/schema\/logo\/image\/","url":"https:\/\/dunyaayaksagligi.com\/wp-content\/uploads\/2021\/11\/logo_ft_1.png","contentUrl":"https:\/\/dunyaayaksagligi.com\/wp-content\/uploads\/2021\/11\/logo_ft_1.png","width":326,"height":106,"caption":"D\u00fcnya Ayak Sa\u011fl\u0131\u011f\u0131 Merkezi"},"image":{"@id":"https:\/\/dunyaayaksagligi.com\/tr\/#\/schema\/logo\/image\/"}},{"@type":"WebSite","@id":"https:\/\/dunyaayaksagligi.com\/tr\/#website","url":"https:\/\/dunyaayaksagligi.com\/tr\/","name":"D\u00fcnya Ayak Sa\u011fl\u0131\u011f\u0131 Merkezi","description":"D\u00fcnya Ayak Sa\u011fl\u0131\u011f\u0131 Merkezi - Ata\u015fehir","publisher":{"@id":"https:\/\/dunyaayaksagligi.com\/tr\/#organization"},"potentialAction":[{"@type":"SearchAction","target":{"@type":"EntryPoint","urlTemplate":"https:\/\/dunyaayaksagligi.com\/tr\/?s={search_term_string}"},"query-input":"required name=search_term_string"}],"inLanguage":"en-GB"},{"@type":"WebPage","@id":"https:\/\/dunyaayaksagligi.com\/booking-my-account\/","url":"https:\/\/dunyaayaksagligi.com\/booking-my-account\/","name":"Booking My Account - D\u00fcnya Ayak Sa\u011fl\u0131\u011f\u0131 Merkezi","isPartOf":{"@id":"https:\/\/dunyaayaksagligi.com\/tr\/#website"},"datePublished":"2022-01-02T18:32:35+00:00","dateModified":"2022-01-02T18:32:35+00:00","breadcrumb":{"@id":"https:\/\/dunyaayaksagligi.com\/booking-my-account\/#breadcrumb"},"inLanguage":"en-GB","potentialAction":[{"@type":"ReadAction","target":["https:\/\/dunyaayaksagligi.com\/booking-my-account\/"]}]},{"@type":"BreadcrumbList","@id":"https:\/\/dunyaayaksagligi.com\/booking-my-account\/#breadcrumb","itemListElement":[{"@type":"ListItem","position":1,"name":"Anasayfa","item":"https:\/\/dunyaayaksagligi.com\/"},{"@type":"ListItem","position":2,"name":"Booking My Account"}]}]}},"_links":{"self":[{"href":"https:\/\/dunyaayaksagligi.com\/en\/wp-json\/wp\/v2\/pages\/4537"}],"collection":[{"href":"https:\/\/dunyaayaksagligi.com\/en\/wp-json\/wp\/v2\/pages"}],"about":[{"href":"https:\/\/dunyaayaksagligi.com\/en\/wp-json\/wp\/v2\/types\/page"}],"author":[{"embeddable":true,"href":"https:\/\/dunyaayaksagligi.com\/en\/wp-json\/wp\/v2\/users\/1"}],"replies":[{"embeddable":true,"href":"https:\/\/dunyaayaksagligi.com\/en\/wp-json\/wp\/v2\/comments?post=4537"}],"version-history":[{"count":0,"href":"https:\/\/dunyaayaksagligi.com\/en\/wp-json\/wp\/v2\/pages\/4537\/revisions"}],"wp:attachment":[{"href":"https:\/\/dunyaayaksagligi.com\/en\/wp-json\/wp\/v2\/media?parent=4537"}],"curies":[{"name":"wp","href":"https:\/\/api.w.org\/{rel}","templated":true}]}}