{"id":1732,"date":"2019-02-19T07:08:24","date_gmt":"2019-02-19T07:08:24","guid":{"rendered":"http:\/\/asm1.smyrnateknoloji.com\/?page_id=1732"},"modified":"2019-02-19T07:35:20","modified_gmt":"2019-02-19T07:35:20","slug":"services-tab","status":"publish","type":"page","link":"https:\/\/dunyaayaksagligi.com\/en\/services-tab\/","title":{"rendered":"Services Tab"},"content":{"rendered":"<div data-elementor-type=\"wp-post\" data-elementor-id=\"1732\" class=\"elementor elementor-1732 elementor-bc-flex-widget\" data-elementor-settings=\"[]\">\n\t\t\t\t\t\t<div class=\"elementor-inner\">\n\t\t\t\t\t\t\t<div class=\"elementor-section-wrap\">\n\t\t\t\t\t\t\t<section class=\"elementor-section elementor-top-section elementor-element elementor-element-54eba5a elementor-section-boxed elementor-section-height-default elementor-section-height-default\" data-id=\"54eba5a\" data-element_type=\"section\">\n\t\t\t\t\t\t<div class=\"elementor-container elementor-column-gap-default\">\n\t\t\t\t\t\t\t<div class=\"elementor-row\">\n\t\t\t\t\t<div class=\"elementor-column elementor-col-100 elementor-top-column elementor-element elementor-element-89bd4e4\" data-id=\"89bd4e4\" data-element_type=\"column\">\n\t\t\t<div class=\"elementor-column-wrap elementor-element-populated\">\n\t\t\t\t\t\t\t<div class=\"elementor-widget-wrap\">\n\t\t\t\t\t\t<div class=\"elementor-element elementor-element-5ed86e1 elementor-widget elementor-widget-rt-services-tab\" data-id=\"5ed86e1\" data-element_type=\"widget\" data-widget_type=\"rt-services-tab.default\">\n\t\t\t\t<div class=\"elementor-widget-container\">\n\t\t\t      \n  <div class=\"services-tab1\">\n                                                                           <nav>\n            <div class=\"nav nav-tabs nav-fill nav-wrap\" id=\"nav-tab\" role=\"tablist\"><a class=\"nav-item nav-link active\"  data-toggle=\"tab\" href=\"#177565097288-1711\">Modern Technology<\/a><a class=\"nav-item nav-link\"  data-toggle=\"tab\" href=\"#177565097288-1712\">Success of Treatments<\/a><a class=\"nav-item nav-link\"  data-toggle=\"tab\" href=\"#177565097288-1703\">Certified Doctors<\/a><\/div>\n        <\/nav>\n           <div class=\"tab-content py-3 px-3 px-sm-0\" id=\"nav-tabContent\"> <div class=\"tab-pane fade show active\" id=\"177565097288-1711\">\n                            <div class=\"row no-gutter\"><div class=\"services-tab-content col-lg-12 col-xs-12\"><a class=\"play-btn popup-video popup-youtube non-img\" href=\"#\"> <i class=\"fa fa-play\" aria-hidden=\"true\"><\/i><\/a><h3 class=\"item-title\">Certified Doctors & Using Modern Technology<\/h3>\n                            <p>Borem ipsum dolor sit amet, conse ctetur adipper\r\nisicing elit, sed do eiusmod tempor incididunt ae\r\nut labore et dolore magnae.\r\nIt is a long established fact that a reader will be distracted by the readable content of a page when looking at its layout.<\/p> <ul class=\"list-info\"><li>Annual &amp; Monthly Report<\/li><li>Exclusive Support for permium member<\/li><li>Discounts &amp; Updates<\/li><li>Permium member<\/li><\/ul><a class=\"item-btn iconlight\" href=\"https:\/\/dunyaayaksagligi.com\/en\/servisler\/using-modern-technology-2\/\"> See All Services <i class=\"fa fa-angle-double-right\" aria-hidden=\"true\"><\/i>\n                                <\/a><\/div><\/div>                             \n                        <\/div> <div class=\"tab-pane fade show\" id=\"177565097288-1712\">\n                            <div class=\"row no-gutter\"><div class=\"services-tab-content col-lg-12 col-xs-12\"><a class=\"play-btn popup-video popup-youtube non-img\" href=\"#\"> <i class=\"fa fa-play\" aria-hidden=\"true\"><\/i><\/a><h3 class=\"item-title\">Together we can Achieve more things<\/h3>\n                            <p>Borem ipsum dolor sit amet, conse ctetur adipper\r\nisicing elit, sed do eiusmod tempor incididunt ae\r\nut labore et dolore magnae.<\/p> <ul class=\"list-info\"><li>Annual &amp; Monthly Report<\/li><li>Exclusive Support for permium member<\/li><li>Discounts &amp; Updates<\/li><\/ul><a class=\"item-btn iconlight\" href=\"https:\/\/dunyaayaksagligi.com\/en\/servisler\/guarantee-success-of-treatments-2\/\"> See All Services <i class=\"fa fa-angle-double-right\" aria-hidden=\"true\"><\/i>\n                                <\/a><\/div><\/div>                             \n                        <\/div> <div class=\"tab-pane fade show\" id=\"177565097288-1703\">\n                            <div class=\"row no-gutter\"><div class=\"services-tab-content col-lg-12 col-xs-12\"><a class=\"play-btn popup-video popup-youtube non-img\" href=\"#\"> <i class=\"fa fa-play\" aria-hidden=\"true\"><\/i><\/a><h3 class=\"item-title\">Certified Doctors<\/h3>\n                            <p>Lorem Ipsum is simply dummy text of the printing and typesetting industry. Lorem Ipsum has been the industry&#039;s standard dummy text ever since the 1500s, when an unknown printer took a galley of type and scrambled it to make a type specimen book. It has survived not only five centuries, but also the leap into electronic typesetting, remaining essentially unchanged. It was popularised in the 1960s with the release of Letraset sheets containing Lorem Ipsum passages, and more recently with desktop publishing software like Aldus PageMaker including versions of Lorem Ipsum.<\/p> <a class=\"item-btn iconlight\" href=\"https:\/\/dunyaayaksagligi.com\/en\/servisler\/all-certified-doctors\/\"> See All Services <i class=\"fa fa-angle-double-right\" aria-hidden=\"true\"><\/i>\n                                <\/a><\/div><\/div>                             \n                        <\/div><\/div>\n    <\/div>\n    \t\t<\/div>\n\t\t\t\t<\/div>\n\t\t\t\t\t\t<\/div>\n\t\t\t\t\t<\/div>\n\t\t<\/div>\n\t\t\t\t\t\t\t\t<\/div>\n\t\t\t\t\t<\/div>\n\t\t<\/section>\n\t\t\t\t<section class=\"elementor-section elementor-top-section elementor-element elementor-element-77d5cfa elementor-section-boxed elementor-section-height-default elementor-section-height-default\" data-id=\"77d5cfa\" data-element_type=\"section\">\n\t\t\t\t\t\t<div class=\"elementor-container elementor-column-gap-default\">\n\t\t\t\t\t\t\t<div class=\"elementor-row\">\n\t\t\t\t\t<div class=\"elementor-column elementor-col-100 elementor-top-column elementor-element elementor-element-b818831\" data-id=\"b818831\" data-element_type=\"column\">\n\t\t\t<div class=\"elementor-column-wrap elementor-element-populated\">\n\t\t\t\t\t\t\t<div class=\"elementor-widget-wrap\">\n\t\t\t\t\t\t<div class=\"elementor-element elementor-element-ef73509 elementor-widget elementor-widget-rt-services-tab\" data-id=\"ef73509\" data-element_type=\"widget\" data-widget_type=\"rt-services-tab.default\">\n\t\t\t\t<div class=\"elementor-widget-container\">\n\t\t\t      \n  <div class=\"services-tab1\">\n                                                                           <nav>\n            <div class=\"nav nav-tabs nav-fill nav-wrap\" id=\"nav-tab\" role=\"tablist\"><a class=\"nav-item nav-link active\"  data-toggle=\"tab\" href=\"#177565097221-1711\">Modern Technology<\/a><a class=\"nav-item nav-link\"  data-toggle=\"tab\" href=\"#177565097221-1712\">Success of Treatments<\/a><a class=\"nav-item nav-link\"  data-toggle=\"tab\" href=\"#177565097221-1703\">Certified Doctors<\/a><\/div>\n        <\/nav>\n           <div class=\"tab-content py-3 px-3 px-sm-0\" id=\"nav-tabContent\"> <div class=\"tab-pane fade show active\" id=\"177565097221-1711\">\n                            <div class=\"row no-gutter\"><div class=\"services-tab-content col-lg-12 col-xs-12\"><a class=\"play-btn popup-video popup-youtube non-img\" href=\"#\"> <i class=\"fa fa-play\" aria-hidden=\"true\"><\/i><\/a><h3 class=\"item-title\">Certified Doctors & Using Modern Technology<\/h3>\n                            <p>Borem ipsum dolor sit amet, conse ctetur adipper\r\nisicing elit, sed do eiusmod tempor incididunt ae\r\nut labore et dolore magnae.\r\nIt is a long established fact that a reader will be distracted by the readable content of a page when looking at its layout.<\/p> <ul class=\"list-info\"><li>Annual &amp; Monthly Report<\/li><li>Exclusive Support for permium member<\/li><li>Discounts &amp; Updates<\/li><li>Permium member<\/li><\/ul><a class=\"item-btn iconlight\" href=\"https:\/\/dunyaayaksagligi.com\/en\/servisler\/using-modern-technology-2\/\"> See All Services <i class=\"fa fa-angle-double-right\" aria-hidden=\"true\"><\/i>\n                                <\/a><\/div><\/div>                             \n                        <\/div> <div class=\"tab-pane fade show\" id=\"177565097221-1712\">\n                            <div class=\"row no-gutter\"><div class=\"services-tab-content col-lg-12 col-xs-12\"><a class=\"play-btn popup-video popup-youtube non-img\" href=\"#\"> <i class=\"fa fa-play\" aria-hidden=\"true\"><\/i><\/a><h3 class=\"item-title\">Together we can Achieve more things<\/h3>\n                            <p>Borem ipsum dolor sit amet, conse ctetur adipper\r\nisicing elit, sed do eiusmod tempor incididunt ae\r\nut labore et dolore magnae.<\/p> <ul class=\"list-info\"><li>Annual &amp; Monthly Report<\/li><li>Exclusive Support for permium member<\/li><li>Discounts &amp; Updates<\/li><\/ul><a class=\"item-btn iconlight\" href=\"https:\/\/dunyaayaksagligi.com\/en\/servisler\/guarantee-success-of-treatments-2\/\"> See All Services <i class=\"fa fa-angle-double-right\" aria-hidden=\"true\"><\/i>\n                                <\/a><\/div><\/div>                             \n                        <\/div> <div class=\"tab-pane fade show\" id=\"177565097221-1703\">\n                            <div class=\"row no-gutter\"><div class=\"services-tab-content col-lg-12 col-xs-12\"><a class=\"play-btn popup-video popup-youtube non-img\" href=\"#\"> <i class=\"fa fa-play\" aria-hidden=\"true\"><\/i><\/a><h3 class=\"item-title\">Certified Doctors<\/h3>\n                            <p>Lorem Ipsum is simply dummy text of the printing and typesetting industry. Lorem Ipsum has been the industry&#039;s standard dummy text ever since the 1500s, when an unknown printer took a galley of type and scrambled it to make a type specimen book. It has survived not only five centuries, but also the leap into electronic typesetting, remaining essentially unchanged. It was popularised in the 1960s with the release of Letraset sheets containing Lorem Ipsum passages, and more recently with desktop publishing software like Aldus PageMaker including versions of Lorem Ipsum.<\/p> <a class=\"item-btn iconlight\" href=\"https:\/\/dunyaayaksagligi.com\/en\/servisler\/all-certified-doctors\/\"> See All Services <i class=\"fa fa-angle-double-right\" aria-hidden=\"true\"><\/i>\n                                <\/a><\/div><\/div>                             \n                        <\/div><\/div>\n    <\/div>\n    \t\t<\/div>\n\t\t\t\t<\/div>\n\t\t\t\t\t\t<\/div>\n\t\t\t\t\t<\/div>\n\t\t<\/div>\n\t\t\t\t\t\t\t\t<\/div>\n\t\t\t\t\t<\/div>\n\t\t<\/section>\n\t\t\t\t\t\t<\/div>\n\t\t\t\t\t\t<\/div>\n\t\t\t\t\t<\/div>","protected":false},"excerpt":{"rendered":"<p>Guarantee Success of TreatmentsUsing Modern TechnologyUsing Modern Technology Together we can Achieve more things Borem ipsum dolor sit amet, conse ctetur adipper isicing elit, sed do eiusmod tempor incididunt ae ut labore et dolore magnae. Annual &amp; Monthly Report Exclusive Support for permium member Discounts &amp; Updates See All Services Together we can Achieve more&#8230;<\/p>","protected":false},"author":1,"featured_media":0,"parent":0,"menu_order":0,"comment_status":"closed","ping_status":"closed","template":"","meta":[],"yoast_head":"<!-- This site is optimized with the Yoast SEO plugin v19.3 - https:\/\/yoast.com\/wordpress\/plugins\/seo\/ -->\n<title>Services Tab - D\u00fcnya Ayak Sa\u011fl\u0131\u011f\u0131 Merkezi<\/title>\n<meta name=\"robots\" content=\"index, follow, max-snippet:-1, max-image-preview:large, max-video-preview:-1\" \/>\n<link rel=\"canonical\" href=\"https:\/\/dunyaayaksagligi.com\/en\/services-tab\/\" \/>\n<meta property=\"og:locale\" content=\"en_GB\" \/>\n<meta property=\"og:type\" content=\"article\" \/>\n<meta property=\"og:title\" content=\"Services Tab - D\u00fcnya Ayak Sa\u011fl\u0131\u011f\u0131 Merkezi\" \/>\n<meta property=\"og:description\" content=\"Guarantee Success of TreatmentsUsing Modern TechnologyUsing Modern Technology Together we can Achieve more things Borem ipsum dolor sit amet, conse ctetur adipper isicing elit, sed do eiusmod tempor incididunt ae ut labore et dolore magnae. Annual &amp; Monthly Report Exclusive Support for permium member Discounts &amp; Updates See All Services Together we can Achieve more...\" \/>\n<meta property=\"og:url\" content=\"https:\/\/dunyaayaksagligi.com\/en\/services-tab\/\" \/>\n<meta property=\"og:site_name\" content=\"D\u00fcnya Ayak Sa\u011fl\u0131\u011f\u0131 Merkezi\" \/>\n<meta property=\"article:publisher\" content=\"https:\/\/www.facebook.com\/dunyaayaksagligi\" \/>\n<meta property=\"article:modified_time\" content=\"2019-02-19T07:35:20+00:00\" \/>\n<meta property=\"og:image\" content=\"http:\/\/asm1.smyrnateknoloji.com\/wp-content\/uploads\/2019\/02\/banner-1-700x544.jpg\" \/>\n<meta name=\"twitter:card\" content=\"summary_large_image\" \/>\n<meta name=\"twitter:site\" content=\"@AyakSagligim\" \/>\n<meta name=\"twitter:label1\" content=\"Estimated reading time\" \/>\n\t<meta name=\"twitter:data1\" content=\"1 minute\" \/>\n<script type=\"application\/ld+json\" class=\"yoast-schema-graph\">{\"@context\":\"https:\/\/schema.org\",\"@graph\":[{\"@type\":\"Organization\",\"@id\":\"https:\/\/dunyaayaksagligi.com\/tr\/#organization\",\"name\":\"D\u00fcnya Ayak Sa\u011fl\u0131\u011f\u0131 Merkezi\",\"url\":\"https:\/\/dunyaayaksagligi.com\/tr\/\",\"sameAs\":[\"https:\/\/www.instagram.com\/dunyaayaksagligi\/\",\"https:\/\/www.youtube.com\/channel\/UCMystCymH-yGpWUAOOo6sJg\",\"https:\/\/www.facebook.com\/dunyaayaksagligi\",\"https:\/\/twitter.com\/AyakSagligim\"],\"logo\":{\"@type\":\"ImageObject\",\"inLanguage\":\"en-GB\",\"@id\":\"https:\/\/dunyaayaksagligi.com\/tr\/#\/schema\/logo\/image\/\",\"url\":\"https:\/\/dunyaayaksagligi.com\/wp-content\/uploads\/2021\/11\/logo_ft_1.png\",\"contentUrl\":\"https:\/\/dunyaayaksagligi.com\/wp-content\/uploads\/2021\/11\/logo_ft_1.png\",\"width\":326,\"height\":106,\"caption\":\"D\u00fcnya Ayak Sa\u011fl\u0131\u011f\u0131 Merkezi\"},\"image\":{\"@id\":\"https:\/\/dunyaayaksagligi.com\/tr\/#\/schema\/logo\/image\/\"}},{\"@type\":\"WebSite\",\"@id\":\"https:\/\/dunyaayaksagligi.com\/tr\/#website\",\"url\":\"https:\/\/dunyaayaksagligi.com\/tr\/\",\"name\":\"D\u00fcnya Ayak Sa\u011fl\u0131\u011f\u0131 Merkezi\",\"description\":\"D\u00fcnya Ayak Sa\u011fl\u0131\u011f\u0131 Merkezi - Ata\u015fehir\",\"publisher\":{\"@id\":\"https:\/\/dunyaayaksagligi.com\/tr\/#organization\"},\"potentialAction\":[{\"@type\":\"SearchAction\",\"target\":{\"@type\":\"EntryPoint\",\"urlTemplate\":\"https:\/\/dunyaayaksagligi.com\/tr\/?s={search_term_string}\"},\"query-input\":\"required name=search_term_string\"}],\"inLanguage\":\"en-GB\"},{\"@type\":\"ImageObject\",\"inLanguage\":\"en-GB\",\"@id\":\"https:\/\/dunyaayaksagligi.com\/services-tab\/#primaryimage\",\"url\":\"http:\/\/asm1.smyrnateknoloji.com\/wp-content\/uploads\/2019\/02\/banner-1-700x544.jpg\",\"contentUrl\":\"http:\/\/asm1.smyrnateknoloji.com\/wp-content\/uploads\/2019\/02\/banner-1-700x544.jpg\"},{\"@type\":\"WebPage\",\"@id\":\"https:\/\/dunyaayaksagligi.com\/services-tab\/\",\"url\":\"https:\/\/dunyaayaksagligi.com\/services-tab\/\",\"name\":\"Services Tab - D\u00fcnya Ayak Sa\u011fl\u0131\u011f\u0131 Merkezi\",\"isPartOf\":{\"@id\":\"https:\/\/dunyaayaksagligi.com\/tr\/#website\"},\"primaryImageOfPage\":{\"@id\":\"https:\/\/dunyaayaksagligi.com\/services-tab\/#primaryimage\"},\"datePublished\":\"2019-02-19T07:08:24+00:00\",\"dateModified\":\"2019-02-19T07:35:20+00:00\",\"breadcrumb\":{\"@id\":\"https:\/\/dunyaayaksagligi.com\/services-tab\/#breadcrumb\"},\"inLanguage\":\"en-GB\",\"potentialAction\":[{\"@type\":\"ReadAction\",\"target\":[\"https:\/\/dunyaayaksagligi.com\/services-tab\/\"]}]},{\"@type\":\"BreadcrumbList\",\"@id\":\"https:\/\/dunyaayaksagligi.com\/services-tab\/#breadcrumb\",\"itemListElement\":[{\"@type\":\"ListItem\",\"position\":1,\"name\":\"Anasayfa\",\"item\":\"https:\/\/dunyaayaksagligi.com\/\"},{\"@type\":\"ListItem\",\"position\":2,\"name\":\"Services Tab\"}]}]}<\/script>\n<!-- \/ Yoast SEO plugin. -->","yoast_head_json":{"title":"Services Tab - D\u00fcnya Ayak Sa\u011fl\u0131\u011f\u0131 Merkezi","robots":{"index":"index","follow":"follow","max-snippet":"max-snippet:-1","max-image-preview":"max-image-preview:large","max-video-preview":"max-video-preview:-1"},"canonical":"https:\/\/dunyaayaksagligi.com\/en\/services-tab\/","og_locale":"en_GB","og_type":"article","og_title":"Services Tab - D\u00fcnya Ayak Sa\u011fl\u0131\u011f\u0131 Merkezi","og_description":"Guarantee Success of TreatmentsUsing Modern TechnologyUsing Modern Technology Together we can Achieve more things Borem ipsum dolor sit amet, conse ctetur adipper isicing elit, sed do eiusmod tempor incididunt ae ut labore et dolore magnae. Annual &amp; Monthly Report Exclusive Support for permium member Discounts &amp; Updates See All Services Together we can Achieve more...","og_url":"https:\/\/dunyaayaksagligi.com\/en\/services-tab\/","og_site_name":"D\u00fcnya Ayak Sa\u011fl\u0131\u011f\u0131 Merkezi","article_publisher":"https:\/\/www.facebook.com\/dunyaayaksagligi","article_modified_time":"2019-02-19T07:35:20+00:00","og_image":[{"url":"http:\/\/asm1.smyrnateknoloji.com\/wp-content\/uploads\/2019\/02\/banner-1-700x544.jpg"}],"twitter_card":"summary_large_image","twitter_site":"@AyakSagligim","twitter_misc":{"Estimated reading time":"1 minute"},"schema":{"@context":"https:\/\/schema.org","@graph":[{"@type":"Organization","@id":"https:\/\/dunyaayaksagligi.com\/tr\/#organization","name":"D\u00fcnya Ayak Sa\u011fl\u0131\u011f\u0131 Merkezi","url":"https:\/\/dunyaayaksagligi.com\/tr\/","sameAs":["https:\/\/www.instagram.com\/dunyaayaksagligi\/","https:\/\/www.youtube.com\/channel\/UCMystCymH-yGpWUAOOo6sJg","https:\/\/www.facebook.com\/dunyaayaksagligi","https:\/\/twitter.com\/AyakSagligim"],"logo":{"@type":"ImageObject","inLanguage":"en-GB","@id":"https:\/\/dunyaayaksagligi.com\/tr\/#\/schema\/logo\/image\/","url":"https:\/\/dunyaayaksagligi.com\/wp-content\/uploads\/2021\/11\/logo_ft_1.png","contentUrl":"https:\/\/dunyaayaksagligi.com\/wp-content\/uploads\/2021\/11\/logo_ft_1.png","width":326,"height":106,"caption":"D\u00fcnya Ayak Sa\u011fl\u0131\u011f\u0131 Merkezi"},"image":{"@id":"https:\/\/dunyaayaksagligi.com\/tr\/#\/schema\/logo\/image\/"}},{"@type":"WebSite","@id":"https:\/\/dunyaayaksagligi.com\/tr\/#website","url":"https:\/\/dunyaayaksagligi.com\/tr\/","name":"D\u00fcnya Ayak Sa\u011fl\u0131\u011f\u0131 Merkezi","description":"D\u00fcnya Ayak Sa\u011fl\u0131\u011f\u0131 Merkezi - Ata\u015fehir","publisher":{"@id":"https:\/\/dunyaayaksagligi.com\/tr\/#organization"},"potentialAction":[{"@type":"SearchAction","target":{"@type":"EntryPoint","urlTemplate":"https:\/\/dunyaayaksagligi.com\/tr\/?s={search_term_string}"},"query-input":"required name=search_term_string"}],"inLanguage":"en-GB"},{"@type":"ImageObject","inLanguage":"en-GB","@id":"https:\/\/dunyaayaksagligi.com\/services-tab\/#primaryimage","url":"http:\/\/asm1.smyrnateknoloji.com\/wp-content\/uploads\/2019\/02\/banner-1-700x544.jpg","contentUrl":"http:\/\/asm1.smyrnateknoloji.com\/wp-content\/uploads\/2019\/02\/banner-1-700x544.jpg"},{"@type":"WebPage","@id":"https:\/\/dunyaayaksagligi.com\/services-tab\/","url":"https:\/\/dunyaayaksagligi.com\/services-tab\/","name":"Services Tab - D\u00fcnya Ayak Sa\u011fl\u0131\u011f\u0131 Merkezi","isPartOf":{"@id":"https:\/\/dunyaayaksagligi.com\/tr\/#website"},"primaryImageOfPage":{"@id":"https:\/\/dunyaayaksagligi.com\/services-tab\/#primaryimage"},"datePublished":"2019-02-19T07:08:24+00:00","dateModified":"2019-02-19T07:35:20+00:00","breadcrumb":{"@id":"https:\/\/dunyaayaksagligi.com\/services-tab\/#breadcrumb"},"inLanguage":"en-GB","potentialAction":[{"@type":"ReadAction","target":["https:\/\/dunyaayaksagligi.com\/services-tab\/"]}]},{"@type":"BreadcrumbList","@id":"https:\/\/dunyaayaksagligi.com\/services-tab\/#breadcrumb","itemListElement":[{"@type":"ListItem","position":1,"name":"Anasayfa","item":"https:\/\/dunyaayaksagligi.com\/"},{"@type":"ListItem","position":2,"name":"Services Tab"}]}]}},"_links":{"self":[{"href":"https:\/\/dunyaayaksagligi.com\/en\/wp-json\/wp\/v2\/pages\/1732"}],"collection":[{"href":"https:\/\/dunyaayaksagligi.com\/en\/wp-json\/wp\/v2\/pages"}],"about":[{"href":"https:\/\/dunyaayaksagligi.com\/en\/wp-json\/wp\/v2\/types\/page"}],"author":[{"embeddable":true,"href":"https:\/\/dunyaayaksagligi.com\/en\/wp-json\/wp\/v2\/users\/1"}],"replies":[{"embeddable":true,"href":"https:\/\/dunyaayaksagligi.com\/en\/wp-json\/wp\/v2\/comments?post=1732"}],"version-history":[{"count":0,"href":"https:\/\/dunyaayaksagligi.com\/en\/wp-json\/wp\/v2\/pages\/1732\/revisions"}],"wp:attachment":[{"href":"https:\/\/dunyaayaksagligi.com\/en\/wp-json\/wp\/v2\/media?parent=1732"}],"curies":[{"name":"wp","href":"https:\/\/api.w.org\/{rel}","templated":true}]}}